{"id":1208,"date":"2021-04-19T13:09:34","date_gmt":"2021-04-19T13:09:34","guid":{"rendered":"https:\/\/awg.lv\/par-mums\/"},"modified":"2021-11-22T17:00:26","modified_gmt":"2021-11-22T17:00:26","slug":"par-mums","status":"publish","type":"page","link":"https:\/\/awg.lv\/lv\/par-mums\/","title":{"rendered":"Par mums"},"content":{"rendered":"<p>[vc_row full_width=&#8221;stretch_row_content_no_spaces&#8221;][vc_column]<div class=\"banner-area banner-5bf3ec817cf7c autoplay-true social-buttons-align-right\"><div class=\"banner-bottom\"><div class=\"container\"><div class=\"banner-counter\"><\/div><div class=\"owl-nav\"><\/div><\/div><\/div><div class=\"banner  fixed-height style2\" style=\"height: 410px;\"><div class=\"item banner-item-69de6b5403740 middle tal white\" style=\"background-image: url(https:\/\/awg.lv\/wp-content\/uploads\/2021\/03\/pexels-pixabay-434311-scaled.jpg);\"><div class=\"overlay\"><\/div><div class=\"container\"><div class=\"cell\"><div class=\"h uppercase\">Par mums<\/div><div class=\"social-buttons\"><a href=\"#\" target=\"_self\"><i class=\"social-media-elements-instagram\"><\/i> <span>Instagram<\/span><\/a><a href=\"#\" target=\"_self\"><i class=\"social-media-elements-facebook\"><\/i> <span>Facebook<\/span><\/a><a href=\"#\" target=\"_self\"><i class=\"social-media-elements-behance\"><\/i> <span>Behance<\/span><\/a><a href=\"#\" target=\"_self\"><i class=\"social-media-elements-dribble\"><\/i> <span>Dribble<\/span><\/a><\/div><\/div><\/div><\/div><\/div><\/div>[\/vc_column][\/vc_row][vc_row equal_height=&#8221;yes&#8221; content_placement=&#8221;middle&#8221; css=&#8221;.vc_custom_1636621968750{padding-top: 30px !important;}&#8221; el_id=&#8221;about-us-first-row&#8221;][vc_column css_animation=&#8221;fadeInLeft&#8221; width=&#8221;1\/2&#8243;]        \r\n        <div class=\"tabs tabs-horizontal tabs-69de6b5406297 style2\">\r\n            <div class=\"tabs-head\">\r\n                <div class=\"wrap\">\r\n                                            <div class=\"item\"><\/div>\r\n                                    <\/div>\r\n            <\/div>\r\n            <div class=\"tabs-body\"><div class=\"tab-content\">[vc_raw_html]PGgzPlBhciA8c3BhbiBzdHlsZT0iY29sb3I6IHJlZDsiPm11bXM8L3NwYW4+PC9oMz4=[\/vc_raw_html][vc_column_text]<\/p>\n<ul>\n<li>Vairumtirdzniec\u012bba un mazumtirdzniec\u012bba<\/li>\n<li>Imports un eksports (Baltija un NVS valstis)<\/li>\n<li>Lo\u0123istika<\/li>\n<\/ul>\n<p>[\/vc_column_text]<\/div><\/div>\r\n        <\/div>\r\n        \r\n        [\/vc_column][vc_column css_animation=&#8221;fadeInRight&#8221; width=&#8221;1\/2&#8243; css=&#8221;.vc_custom_1543230545657{padding-top: 30px !important;}&#8221;][vc_single_image image=&#8221;1592&#8243; img_size=&#8221;large&#8221; alignment=&#8221;center&#8221;][\/vc_column][\/vc_row][vc_row el_class=&#8221;about-us-text-section&#8221; el_id=&#8221;about-us-text-section&#8221;][vc_column][vc_column_text]<span data-sheets-value=\"{&quot;1&quot;:2,&quot;2&quot;:&quot;Pal\u012bdz\u0113sim ietaup\u012bt Jusu laiku - m\u016bsu profesion\u0101\u013cu komanda pied\u0101v\u0101 izv\u0113l\u0113ties v\u012bnus un stipros dz\u0113rienus no visas pasaules un lo\u0123istiku Baltijas un NVS valst\u012bs.&quot;}\" data-sheets-userformat=\"{&quot;2&quot;:769,&quot;3&quot;:{&quot;1&quot;:0},&quot;11&quot;:4,&quot;12&quot;:0}\">Pal\u012bdz\u0113sim ietaup\u012bt Jusu laiku &#8211; m\u016bsu profesion\u0101\u013cu komanda pied\u0101v\u0101 izv\u0113l\u0113ties v\u012bnus un stipros dz\u0113rienus no visas pasaules un lo\u0123istiku Baltijas un NVS valst\u012bs.<\/span>[\/vc_column_text][\/vc_column][\/vc_row][vc_row equal_height=&#8221;yes&#8221; content_placement=&#8221;middle&#8221; css=&#8221;.vc_custom_1636622402561{padding-top: 30px !important;}&#8221; el_id=&#8221;about-us-warehouse&#8221;][vc_column css_animation=&#8221;fadeInLeft&#8221; width=&#8221;1\/2&#8243;]        \r\n        <div class=\"tabs tabs-horizontal tabs-69de6b54067f6 style2\">\r\n            <div class=\"tabs-head\">\r\n                <div class=\"wrap\">\r\n                                            <div class=\"item\"><\/div>\r\n                                    <\/div>\r\n            <\/div>\r\n            <div class=\"tabs-body\"><div class=\"tab-content\">[vc_raw_html]PGgzPk5vbGlrdGF2YTwvaDM+[\/vc_raw_html][vc_column_text]<\/p>\n<ul>\n<li>Imports &#8211; no jebkuras vietas pasaul\u0113<\/li>\n<li>Eksports \u2013 Baltija, NVS valstis, Skandin\u0101vija<\/li>\n<\/ul>\n<p>[\/vc_column_text]<\/div><\/div>\r\n        <\/div>\r\n        \r\n        [\/vc_column][vc_column css_animation=&#8221;fadeInRight&#8221; width=&#8221;1\/2&#8243; css=&#8221;.vc_custom_1543230545657{padding-top: 30px !important;}&#8221;][vc_single_image image=&#8221;1588&#8243; img_size=&#8221;large&#8221; alignment=&#8221;center&#8221;][\/vc_column][\/vc_row][vc_row disable_element=&#8221;yes&#8221; el_id=&#8221;about-us-text-section&#8221;][vc_column][vc_column_text]<span data-sheets-value=\"{&quot;1&quot;:2,&quot;2&quot;:&quot;Esat izv\u0113l\u0113ju\u0161ies v\u012bnu, kuru vajag atvest? M\u0113s pal\u012bdz\u0113sim ar lo\u0123istikas pakalpojumiem.&quot;}\" data-sheets-userformat=\"{&quot;2&quot;:769,&quot;3&quot;:{&quot;1&quot;:0},&quot;11&quot;:4,&quot;12&quot;:0}\">Esat izv\u0113l\u0113ju\u0161ies v\u012bnu, kuru vajag atvest? M\u0113s pal\u012bdz\u0113sim ar lo\u0123istikas pakalpojumiem.<\/span>[\/vc_column_text][\/vc_column][\/vc_row][vc_row css=&#8221;.vc_custom_1636622603246{padding-bottom: 25px !important;}&#8221; el_id=&#8221;about-us-wine&#8221;][vc_column css=&#8221;.vc_custom_1616432178722{margin-bottom: 100px !important;}&#8221;][vc_raw_html css=&#8221;.vc_custom_1636623523385{margin-top: 0px !important;margin-bottom: 0px !important;}&#8221;]PGgyPlbEq251IHVuIHN0aXBybyBhbGtvaG9saXNrbyBkesSTcmllbnUgPHNwYW4gc3R5bGU9ImNvbG9yOiAjZWEzNDI4OyI+dmFpcnVtdGlyZHpuaWVjxKtiYTwvc3Bhbj48L2gyPg==[\/vc_raw_html][vc_column_text el_id=&#8221;about-us-text-section&#8221;]<span data-sheets-value=\"{&quot;1&quot;:2,&quot;2&quot;:&quot;Pied\u0101v\u0101jam pla\u0161u portfolio ar v\u012bniem, stiprajiem dz\u0113rieniem un bezalkaholiskajiem dz\u0113rieniem no visas pasaules \u2013 It\u0101lijas, Francijas, Sp\u0101nijas, Portug\u0101les, Dienvid\u0101frikas, Austr\u0101lijas, V\u0101cijas utt.&quot;}\" data-sheets-userformat=\"{&quot;2&quot;:769,&quot;3&quot;:{&quot;1&quot;:0},&quot;11&quot;:4,&quot;12&quot;:0}\">Pied\u0101v\u0101jam pla\u0161u portfolio ar v\u012bniem, stiprajiem dz\u0113rieniem un bezalkaholiskajiem dz\u0113rieniem no visas pasaules \u2013 It\u0101lijas, Francijas, Sp\u0101nijas, Portug\u0101les, Dienvid\u0101frikas, Austr\u0101lijas, V\u0101cijas utt.<\/span>[\/vc_column_text][\/vc_column][\/vc_row][vc_row el_id=&#8221;about-us-retail&#8221;][vc_column]<div class=\"pt-special-heading pt-special-heading-69de6b5406ba5  tac  vc_custom_1637327069351\"><h2 class=\"heading\"><i>MAZUMTIRDZNIEC\u012aBA<\/i><\/h2><\/div>\r\n        <div class=\"price-list row price-list-69de6b5406c7c\">\r\n                    <div class=\"price-list-item price-list-item-69de6b5406d86 col-xs-12 col-sm-6 col-md-4\">\r\n            <div class=\"wrap\">\r\n                <div class=\"image\" style=\"\"><\/div>\r\n                                    <h4 class=\"heading\">Decount<\/h4>\r\n                                    <div class=\"desc\">V\u012bna galerija, kur\u0101 gan jaun\u0101s gan vec\u0101s pasaules v\u012bni vienm\u0113r tiek pied\u0101v\u0101ti par lab\u0101ko cenu tirg\u016b.<\/div>\r\n                                <div class=\"hr-wave\"><\/div>\r\n                            <\/div>\r\n        <\/div>\r\n                <div class=\"price-list-item price-list-item-69de6b5406e6b col-xs-12 col-sm-6 col-md-4\">\r\n            <div class=\"wrap\">\r\n                <div class=\"image\" style=\"\"><\/div>\r\n                                    <h4 class=\"heading\">Tulum<\/h4>\r\n                                    <div class=\"desc\">Restor\u0101ns \u012bstiem dz\u012bves gard\u0113\u017eiem! Baudiet lielisku malt\u012bti un izcilus dz\u0113rienus Meksikas balto smil\u0161u un zilza\u013co oke\u0101na \u016bde\u0146u noska\u0146as dizain\u0101 tepat R\u012bgas centr\u0101 uz stiklot\u0101s terases.<\/div>\r\n                                <div class=\"hr-wave\"><\/div>\r\n                            <\/div>\r\n        <\/div>\r\n                <div class=\"price-list-item price-list-item-69de6b5406f4c col-xs-12 col-sm-6 col-md-4\">\r\n            <div class=\"wrap\">\r\n                <div class=\"image\" style=\"\"><\/div>\r\n                                    <h4 class=\"heading\">KORPORAT\u012aVIE KLIENTI<\/h4>\r\n                                    <div class=\"desc\">P\u0101rsteidziet savus biznesa partnerus ar p\u0101rdom\u0101tu un elegantu d\u0101vanu \u2013 v\u012bna izlasi ar st\u0101stu. Nepiecie\u0161amas telpas pas\u0101kumam? Vai ar\u012b v\u0113laties p\u0101rsteigt kol\u0113\u0123us j\u016bsu biroj\u0101 ar gaum\u012bg\u0101m svin\u012bb\u0101m? Balstoties uz J\u016bsu vajadz\u012bb\u0101m, m\u016bsu v\u012bnzinis sagtavos individu\u0101lu v\u012bnu pied\u0101v\u0101jumu pas\u0101kumam.<\/div>\r\n                                <div class=\"hr-wave\"><\/div>\r\n                            <\/div>\r\n        <\/div>\r\n                <\/div>\r\n        \r\n        [\/vc_column][\/vc_row]<\/p>\n","protected":false},"excerpt":{"rendered":"<p>[vc_row full_width=&#8221;stretch_row_content_no_spaces&#8221;][vc_column][\/vc_column][\/vc_row][vc_row equal_height=&#8221;yes&#8221; content_placement=&#8221;middle&#8221; css=&#8221;.vc_custom_1636621968750{padding-top: 30px !important;}&#8221; el_id=&#8221;about-us-first-row&#8221;][vc_column css_animation=&#8221;fadeInLeft&#8221; width=&#8221;1\/2&#8243;][\/vc_column][vc_column css_animation=&#8221;fadeInRight&#8221; width=&#8221;1\/2&#8243; css=&#8221;.vc_custom_1543230545657{padding-top: 30px !important;}&#8221;][vc_single_image image=&#8221;1592&#8243; img_size=&#8221;large&#8221; alignment=&#8221;center&#8221;][\/vc_column][\/vc_row][vc_row el_class=&#8221;about-us-text-section&#8221; el_id=&#8221;about-us-text-section&#8221;][vc_column][vc_column_text]Pal\u012bdz\u0113sim ietaup\u012bt Jusu laiku &#8211; m\u016bsu profesion\u0101\u013cu komanda pied\u0101v\u0101 izv\u0113l\u0113ties v\u012bnus un stipros dz\u0113rienus no visas pasaules un lo\u0123istiku Baltijas un NVS valst\u012bs.[\/vc_column_text][\/vc_column][\/vc_row][vc_row equal_height=&#8221;yes&#8221; content_placement=&#8221;middle&#8221; css=&#8221;.vc_custom_1636622402561{padding-top: 30px !important;}&#8221; el_id=&#8221;about-us-warehouse&#8221;][vc_column css_animation=&#8221;fadeInLeft&#8221; width=&#8221;1\/2&#8243;][\/vc_column][vc_column css_animation=&#8221;fadeInRight&#8221; width=&#8221;1\/2&#8243; css=&#8221;.vc_custom_1543230545657{padding-top: 30px !important;}&#8221;][vc_single_image [&hellip;]<\/p>\n","protected":false},"author":1,"featured_media":0,"parent":0,"menu_order":0,"comment_status":"closed","ping_status":"closed","template":"template-landing.php","meta":{"footnotes":""},"acf":[],"_links":{"self":[{"href":"https:\/\/awg.lv\/lv\/wp-json\/wp\/v2\/pages\/1208"}],"collection":[{"href":"https:\/\/awg.lv\/lv\/wp-json\/wp\/v2\/pages"}],"about":[{"href":"https:\/\/awg.lv\/lv\/wp-json\/wp\/v2\/types\/page"}],"author":[{"embeddable":true,"href":"https:\/\/awg.lv\/lv\/wp-json\/wp\/v2\/users\/1"}],"replies":[{"embeddable":true,"href":"https:\/\/awg.lv\/lv\/wp-json\/wp\/v2\/comments?post=1208"}],"version-history":[{"count":83,"href":"https:\/\/awg.lv\/lv\/wp-json\/wp\/v2\/pages\/1208\/revisions"}],"predecessor-version":[{"id":1746,"href":"https:\/\/awg.lv\/lv\/wp-json\/wp\/v2\/pages\/1208\/revisions\/1746"}],"wp:attachment":[{"href":"https:\/\/awg.lv\/lv\/wp-json\/wp\/v2\/media?parent=1208"}],"curies":[{"name":"wp","href":"https:\/\/api.w.org\/{rel}","templated":true}]}}