{"id":1210,"date":"2021-04-19T13:11:21","date_gmt":"2021-04-19T13:11:21","guid":{"rendered":"https:\/\/awg.lv\/sakums\/"},"modified":"2021-11-22T16:53:24","modified_gmt":"2021-11-22T16:53:24","slug":"sakums","status":"publish","type":"page","link":"https:\/\/awg.lv\/lv\/","title":{"rendered":"S\u0101kums"},"content":{"rendered":"<p>[vc_row full_width=&#8221;stretch_row_content_no_spaces&#8221;][vc_column]\r\n        <div class=\"split-screen split-screen-69de37c789202\">\r\n            <div class=\"items\">\r\n        <div class=\"screen-item item-69de37c7893b4\" data-hex=\"#ea3428\" data-id=\"test\">\r\n            <div class=\"item item-left col-xs-12 col-sm-6\">\r\n                                                    <div class=\"letter\">A<\/div>\r\n                            <\/div>\r\n            <div class=\"item item-right col-xs-12 col-sm-6\">\r\n                <div class=\"cell cell-container\">\r\n                    <div class=\"num\"><\/div>\r\n                                            <div class=\"h h1\">Alko<br \/>\nWarehouse<br \/>\nGroup<\/div>\r\n                                            <div class=\"text\">Pied\u0101v\u0101jam lab\u0101ko no v\u012bna, stipro dz\u0113rienu un gard\u0113\u017eu pasaules!<\/div>\r\n                                            <a href=\"https:\/\/awg.lv\/lv\/about-us\/\" class=\"button-style1\" target=\"_self\">uzzin\u0101t vair\u0101k<\/a>\r\n                                    <\/div>\r\n                <div class=\"counter\">\r\n                    <div class=\"current\"><\/div>\r\n                    <div class=\"total\"><\/div>\r\n                <\/div>\r\n            <\/div>\r\n        <\/div>\r\n\r\n        \r\n        <div class=\"screen-item item-69de37c789913\" data-hex=\"#000001\">\r\n            <div class=\"item item-left col-xs-12 col-sm-6\">\r\n                                                    <div class=\"letter\">W<\/div>\r\n                            <\/div>\r\n            <div class=\"item item-right col-xs-12 col-sm-6\">\r\n                <div class=\"cell cell-container\">\r\n                    <div class=\"num\"><\/div>\r\n                                            <div class=\"h h1\">Lo\u0123istika<\/div>\r\n                                            <div class=\"text\">Imports - no jebkuras vietas pasaul\u0113 un eksports \u2013 Baltija, NVS valstis, Skandin\u0101vija.<\/div>\r\n                                            <a href=\"http:\/\/url\" class=\"button-style1\" target=\"_self\">uzzin\u0101t vair\u0101k<\/a>\r\n                                    <\/div>\r\n                <div class=\"counter\">\r\n                    <div class=\"current\"><\/div>\r\n                    <div class=\"total\"><\/div>\r\n                <\/div>\r\n            <\/div>\r\n        <\/div>\r\n\r\n        \r\n        <div class=\"screen-item item-69de37c789b8d\" data-hex=\"#ea3428\">\r\n            <div class=\"item item-left col-xs-12 col-sm-6\">\r\n                                                    <div class=\"letter\">G<\/div>\r\n                            <\/div>\r\n            <div class=\"item item-right col-xs-12 col-sm-6\">\r\n                <div class=\"cell cell-container\">\r\n                    <div class=\"num\"><\/div>\r\n                                            <div class=\"h h1\">PRODUKTU KL\u0100STS<\/div>\r\n                                            <div class=\"text\">Pied\u0101v\u0101jam pla\u0161u portfolio ar v\u012bniem, stiprajiem dz\u0113rieniem un bezalkaholiskajiem dz\u0113rieniem no visas pasaules \u2013 It\u0101lijas, Francijas, Sp\u0101nijas, Portug\u0101les, Dienvid\u0101frikas, Austr\u0101lijas, V\u0101cijas.<\/div>\r\n                                            <a href=\"https:\/\/awg.lv\/lv\/contacts\/\" class=\"button-style1\" target=\"_self\">Sazin\u0101ties<\/a>\r\n                                    <\/div>\r\n                <div class=\"counter\">\r\n                    <div class=\"current\"><\/div>\r\n                    <div class=\"total\"><\/div>\r\n                <\/div>\r\n            <\/div>\r\n        <\/div>\r\n\r\n        <\/div>\r\n            <div class=\"pagination-dots\"><\/div>\r\n        <\/div>\r\n        \r\n        [\/vc_column][\/vc_row]<\/p>\n","protected":false},"excerpt":{"rendered":"<p>[vc_row full_width=&#8221;stretch_row_content_no_spaces&#8221;][vc_column][\/vc_column][\/vc_row]<\/p>\n","protected":false},"author":1,"featured_media":0,"parent":0,"menu_order":0,"comment_status":"closed","ping_status":"closed","template":"template-landing.php","meta":{"footnotes":""},"acf":[],"_links":{"self":[{"href":"https:\/\/awg.lv\/lv\/wp-json\/wp\/v2\/pages\/1210"}],"collection":[{"href":"https:\/\/awg.lv\/lv\/wp-json\/wp\/v2\/pages"}],"about":[{"href":"https:\/\/awg.lv\/lv\/wp-json\/wp\/v2\/types\/page"}],"author":[{"embeddable":true,"href":"https:\/\/awg.lv\/lv\/wp-json\/wp\/v2\/users\/1"}],"replies":[{"embeddable":true,"href":"https:\/\/awg.lv\/lv\/wp-json\/wp\/v2\/comments?post=1210"}],"version-history":[{"count":52,"href":"https:\/\/awg.lv\/lv\/wp-json\/wp\/v2\/pages\/1210\/revisions"}],"predecessor-version":[{"id":1734,"href":"https:\/\/awg.lv\/lv\/wp-json\/wp\/v2\/pages\/1210\/revisions\/1734"}],"wp:attachment":[{"href":"https:\/\/awg.lv\/lv\/wp-json\/wp\/v2\/media?parent=1210"}],"curies":[{"name":"wp","href":"https:\/\/api.w.org\/{rel}","templated":true}]}}