{"id":1217,"date":"2021-04-19T13:13:26","date_gmt":"2021-04-19T13:13:26","guid":{"rendered":"https:\/\/awg.lv\/kontakti\/"},"modified":"2021-11-23T12:26:30","modified_gmt":"2021-11-23T12:26:30","slug":"kontakti","status":"publish","type":"page","link":"https:\/\/awg.lv\/lv\/kontakti\/","title":{"rendered":"Kontakti"},"content":{"rendered":"<p>[vc_row full_width=&#8221;stretch_row_content_no_spaces&#8221;][vc_column]<div class=\"banner-area banner-5bf677b21b476 autoplay-true social-buttons-align-right\"><div class=\"banner-bottom\"><div class=\"container\"><div class=\"banner-counter\"><\/div><div class=\"owl-nav\"><\/div><\/div><\/div><div class=\"banner  fixed-height style2\" style=\"height: 415px;\"><div class=\"item banner-item-69de68a8b70a8 middle tal white\" style=\"background-image: url(https:\/\/awg.lv\/wp-content\/uploads\/2021\/03\/pexels-henry-co-1151243-scaled.jpg);\"><div class=\"overlay\"><\/div><div class=\"container\"><div class=\"cell\"><div class=\"h\">Sazinies ar mums<\/div><div class=\"social-buttons\"><a href=\"#\" target=\"_self\"><i class=\"social-media-elements-instagram\"><\/i> <span>Instagram<\/span><\/a><a href=\"#\" target=\"_self\"><i class=\"social-media-elements-facebook\"><\/i> <span>Facebook<\/span><\/a><a href=\"#\" target=\"_self\"><i class=\"social-media-elements-behance\"><\/i> <span>Behance<\/span><\/a><a href=\"#\" target=\"_self\"><i class=\"social-media-elements-dribble\"><\/i> <span>Dribble<\/span><\/a><\/div><\/div><\/div><\/div><\/div><\/div>[\/vc_column][\/vc_row][vc_row equal_height=&#8221;yes&#8221; content_placement=&#8221;middle&#8221;][vc_column width=&#8221;1\/2&#8243; css=&#8221;.vc_custom_1616441409543{margin-top: -30px !important;margin-right: 15px !important;margin-bottom: -30px !important;margin-left: 15px !important;padding-right: 60px !important;padding-left: 60px !important;background-color: #ea3428 !important;}&#8221; custom_text_color=&#8221;#ffffff&#8221;][vc_column_text]<\/p>\n<h2><span style=\"color: #ffffff;\">Sazinies ar mums<\/span><\/h2>\n<p>[\/vc_column_text][vc_column_text css=&#8221;.vc_custom_1637669500109{margin-bottom: 60px !important;}&#8221;]<\/p>\n<p style=\"line-height: 1; font-size: 18px; text-transform: uppercase; max-width: 280px; color: #303030; font-weight: 600;\">Rekviz\u012bti:<\/p>\n<p style=\"line-height: 1.5; color: #f9b03e; font-size: 16px;\"><span style=\"color: #ffffff;\"><strong><br \/>\nSIA &#8220;AWG&#8221;<br \/>\nRe\u0123.nr.: 40203024198<br \/>\nBanka: AS &#8220;Swedbank&#8221;<br \/>\nKonts: LV24HABA0551048104213<br \/>\nSWIFT: HABALV22<br \/>\nAdrese: Ernesta Birznieka-Up\u012b\u0161a iela 21, Latgales priek\u0161pils\u0113ta, R\u012bga, LV-1011<\/strong><\/span><\/p>\n<p>[\/vc_column_text][vc_column_text]<\/p>\n<p style=\"font-size: 18px; text-transform: uppercase; max-width: 280px; color: #303030; font-weight: 600;\">vai uzraksti mums:<\/p>\n<p style=\"line-height: 1.5; color: #f9b03e; font-size: 16px;\"><span style=\"color: #ffffff;\"><strong>V\u012bns un stiprie alkoholiskie dz\u0113rieni \u2013 <a href=\"mailto:mm@decount.lv\">mm@decount.lv<\/a><br \/>\nBirojs \u2013 <a href=\"mailto:info@awg.lv\">info@awg.lv<\/a><br \/>\nBiznesa jaut\u0101jumi \u2013 <a href=\"mailto:mk@awg.lv\">mk@awg.lv<\/a><br \/>\n<\/strong><\/span><\/p>\n<p>[\/vc_column_text][\/vc_column][vc_column width=&#8221;1\/2&#8243; css=&#8221;.vc_custom_1542880665988{padding-top: 40px !important;padding-bottom: 10px !important;}&#8221;][vc_column_text]<\/p>\n<div style=\"max-width: 450px; margin: 0 auto;\">\n<h3>Sazin\u0101ties<\/h3>\n<div role=\"form\" class=\"wpcf7\" id=\"wpcf7-f1344-o1\" lang=\"lv-LV\" dir=\"ltr\">\n<div class=\"screen-reader-response\"><p role=\"status\" aria-live=\"polite\" aria-atomic=\"true\"><\/p> <ul><\/ul><\/div>\n<form action=\"\/lv\/wp-json\/wp\/v2\/pages\/1217#wpcf7-f1344-o1\" method=\"post\" class=\"wpcf7-form init\" novalidate=\"novalidate\" data-status=\"init\">\n<div style=\"display: none;\">\n<input type=\"hidden\" name=\"_wpcf7\" value=\"1344\" \/>\n<input type=\"hidden\" name=\"_wpcf7_version\" value=\"5.6.4\" \/>\n<input type=\"hidden\" name=\"_wpcf7_locale\" value=\"lv_LV\" \/>\n<input type=\"hidden\" name=\"_wpcf7_unit_tag\" value=\"wpcf7-f1344-o1\" \/>\n<input type=\"hidden\" name=\"_wpcf7_container_post\" value=\"0\" \/>\n<input type=\"hidden\" name=\"_wpcf7_posted_data_hash\" value=\"\" \/>\n<input type=\"hidden\" name=\"_wpcf7_recaptcha_response\" value=\"\" \/>\n<\/div>\n<div class=\"contact-form-t2 row\"><div class=\"col-xs-12\"><span class=\"wpcf7-form-control-wrap\" data-name=\"f-name\"><input type=\"text\" name=\"f-name\" value=\"\" size=\"40\" class=\"wpcf7-form-control wpcf7-text wpcf7-validates-as-required style1\" aria-required=\"true\" aria-invalid=\"false\" \/><\/span><label>J\u016bsu v\u0101rds <span>*<\/span><\/label><\/div><div class=\"col-xs-12\"><span class=\"wpcf7-form-control-wrap\" data-name=\"f-mail\"><input type=\"text\" name=\"f-mail\" value=\"\" size=\"40\" class=\"wpcf7-form-control wpcf7-text wpcf7-validates-as-required style1\" aria-required=\"true\" aria-invalid=\"false\" \/><\/span><label>J\u016bsu e-pasts <span>*<\/span><\/label><\/div><div class=\"col-xs-12\"><span class=\"wpcf7-form-control-wrap\" data-name=\"f-text\"><textarea name=\"f-text\" cols=\"40\" rows=\"6\" class=\"wpcf7-form-control wpcf7-textarea style1\" aria-invalid=\"false\"><\/textarea><\/span><label>Zi\u0146a <span>*<\/span><\/label><\/div><div class=\"col-xs-12\"><input type=\"submit\" value=\"nos\u016bt\u012bt\" class=\"wpcf7-form-control has-spinner wpcf7-submit button-style1\" \/><\/div><\/div><div class=\"wpcf7-response-output\" aria-hidden=\"true\"><\/div><\/form><\/div>\n<\/div>\n<p>[\/vc_column_text][\/vc_column][\/vc_row][vc_row full_width=&#8221;stretch_row_content_no_spaces&#8221;][vc_column]<div class=\"map\" id=\"map-69de68a8ba419\" style=\"width: 100%; height: 355px;\"><\/div>[\/vc_column][\/vc_row]<\/p>\n","protected":false},"excerpt":{"rendered":"<p>[vc_row full_width=&#8221;stretch_row_content_no_spaces&#8221;][vc_column][\/vc_column][\/vc_row][vc_row equal_height=&#8221;yes&#8221; content_placement=&#8221;middle&#8221;][vc_column width=&#8221;1\/2&#8243; css=&#8221;.vc_custom_1616441409543{margin-top: -30px !important;margin-right: 15px !important;margin-bottom: -30px !important;margin-left: 15px !important;padding-right: 60px !important;padding-left: 60px !important;background-color: #ea3428 !important;}&#8221; custom_text_color=&#8221;#ffffff&#8221;][vc_column_text] Sazinies ar mums [\/vc_column_text][vc_column_text css=&#8221;.vc_custom_1637669500109{margin-bottom: 60px !important;}&#8221;] Rekviz\u012bti: SIA &#8220;AWG&#8221; Re\u0123.nr.: 40203024198 Banka: AS &#8220;Swedbank&#8221; Konts: LV24HABA0551048104213 SWIFT: HABALV22 Adrese: Ernesta Birznieka-Up\u012b\u0161a iela 21, Latgales priek\u0161pils\u0113ta, R\u012bga, LV-1011 [\/vc_column_text][vc_column_text] vai uzraksti mums: V\u012bns un [&hellip;]<\/p>\n","protected":false},"author":1,"featured_media":0,"parent":0,"menu_order":0,"comment_status":"closed","ping_status":"closed","template":"template-landing.php","meta":{"footnotes":""},"acf":[],"_links":{"self":[{"href":"https:\/\/awg.lv\/lv\/wp-json\/wp\/v2\/pages\/1217"}],"collection":[{"href":"https:\/\/awg.lv\/lv\/wp-json\/wp\/v2\/pages"}],"about":[{"href":"https:\/\/awg.lv\/lv\/wp-json\/wp\/v2\/types\/page"}],"author":[{"embeddable":true,"href":"https:\/\/awg.lv\/lv\/wp-json\/wp\/v2\/users\/1"}],"replies":[{"embeddable":true,"href":"https:\/\/awg.lv\/lv\/wp-json\/wp\/v2\/comments?post=1217"}],"version-history":[{"count":54,"href":"https:\/\/awg.lv\/lv\/wp-json\/wp\/v2\/pages\/1217\/revisions"}],"predecessor-version":[{"id":1765,"href":"https:\/\/awg.lv\/lv\/wp-json\/wp\/v2\/pages\/1217\/revisions\/1765"}],"wp:attachment":[{"href":"https:\/\/awg.lv\/lv\/wp-json\/wp\/v2\/media?parent=1217"}],"curies":[{"name":"wp","href":"https:\/\/api.w.org\/{rel}","templated":true}]}}