{"id":1372,"date":"2021-04-21T13:41:23","date_gmt":"2021-04-21T13:41:23","guid":{"rendered":"https:\/\/awg.lv\/%d1%81%d0%b2%d1%8f%d0%b7%d0%b0%d1%82%d1%8c%d1%81%d1%8f\/"},"modified":"2021-11-23T12:32:02","modified_gmt":"2021-11-23T12:32:02","slug":"%d1%81%d0%b2%d1%8f%d0%b7%d0%b0%d1%82%d1%8c%d1%81%d1%8f","status":"publish","type":"page","link":"https:\/\/awg.lv\/ru\/%d1%81%d0%b2%d1%8f%d0%b7%d0%b0%d1%82%d1%8c%d1%81%d1%8f\/","title":{"rendered":"\u0421\u0432\u044f\u0437\u0430\u0442\u044c\u0441\u044f"},"content":{"rendered":"<p>[vc_row full_width=&#8221;stretch_row_content_no_spaces&#8221;][vc_column]<div class=\"banner-area banner-5bf677b21b476 autoplay-true social-buttons-align-right\"><div class=\"banner-bottom\"><div class=\"container\"><div class=\"banner-counter\"><\/div><div class=\"owl-nav\"><\/div><\/div><\/div><div class=\"banner  fixed-height style2\" style=\"height: 415px;\"><div class=\"item banner-item-69de68e7e4029 middle tal white\" style=\"background-image: url(https:\/\/awg.lv\/wp-content\/uploads\/2021\/03\/pexels-henry-co-1151243-scaled.jpg);\"><div class=\"overlay\"><\/div><div class=\"container\"><div class=\"cell\"><div class=\"h\">\u0421\u0432\u044f\u0437\u0430\u0442\u044c\u0441\u044f \u0441 \u043d\u0430\u043c\u0438 <\/div><div class=\"social-buttons\"><a href=\"#\" target=\"_self\"><i class=\"social-media-elements-instagram\"><\/i> <span>Instagram<\/span><\/a><a href=\"#\" target=\"_self\"><i class=\"social-media-elements-facebook\"><\/i> <span>Facebook<\/span><\/a><a href=\"#\" target=\"_self\"><i class=\"social-media-elements-behance\"><\/i> <span>Behance<\/span><\/a><a href=\"#\" target=\"_self\"><i class=\"social-media-elements-dribble\"><\/i> <span>Dribble<\/span><\/a><\/div><\/div><\/div><\/div><\/div><\/div>[\/vc_column][\/vc_row][vc_row equal_height=&#8221;yes&#8221; content_placement=&#8221;middle&#8221;][vc_column width=&#8221;1\/2&#8243; css=&#8221;.vc_custom_1616441409543{margin-top: -30px !important;margin-right: 15px !important;margin-bottom: -30px !important;margin-left: 15px !important;padding-right: 60px !important;padding-left: 60px !important;background-color: #ea3428 !important;}&#8221; custom_text_color=&#8221;#ffffff&#8221;][vc_column_text]<\/p>\n<h2><span style=\"color: #ffffff;\">\u0421\u0432\u044f\u0437\u0430\u0442\u044c\u0441\u044f \u0441 \u043d\u0430\u043c\u0438<\/span><\/h2>\n<p>[\/vc_column_text][vc_column_text css=&#8221;.vc_custom_1637669500109{margin-bottom: 60px !important;}&#8221;]<\/p>\n<p style=\"line-height: 1; font-size: 18px; text-transform: uppercase; max-width: 280px; color: #303030; font-weight: 600;\">\u0420\u0435\u043a\u0432\u0438\u0437\u0438\u0442\u044b:<\/p>\n<p style=\"line-height: 1.5; color: #f9b03e; font-size: 16px;\"><span style=\"color: #ffffff;\"><strong>SIA &#8220;AWG&#8221;<br \/>\n\u041d\u043e\u043c\u0435\u0440 \u0440\u0435\u0433\u0438\u0441\u0442\u0440\u0430\u0446\u0438\u0438: 40203024198<br \/>\n\u0411\u0430\u043d\u043a: AS &#8220;Swedbank&#8221;<br \/>\n\u041d\u043e\u043c\u0435\u0440 \u0441\u0447\u0435\u0442\u0430: LV24HABA0551048104213<br \/>\nSWIFT: HABALV22<br \/>\n\u0410\u0434\u0440\u0435\u0441: Ernesta Birznieka-Up\u012b\u0161a iela 21, Latgales priek\u0161pils\u0113ta, R\u012bga, LV-1011<\/strong><\/span><\/p>\n<p>[\/vc_column_text][vc_column_text]<\/p>\n<p style=\"font-size: 18px; text-transform: uppercase; max-width: 280px; color: #303030; font-weight: 600;\">\u0418\u041b\u0418 \u041d\u0410\u041f\u0418\u0428\u0418\u0422\u0415 \u041d\u0410\u041c:<\/p>\n<p style=\"line-height: 1.5; color: #f9b03e; font-size: 16px;\"><span style=\"color: #ffffff;\"><strong>\u0412\u0438\u043d\u043e \u0438 \u0441\u043f\u0438\u0440\u0442\u043d\u044b\u0435 \u043d\u0430\u043f\u0438\u0442\u043a\u0438 \u2013 <a href=\"mailto:mm@decount.lv\">mm@decount.lv<\/a><br \/>\n\u0411\u044e\u0440\u043e \u2013 <a href=\"mailto:info@awg.lv\">info@awg.lv<\/a><br \/>\n\u0414\u0435\u043b\u043e\u0432\u044b\u0435 \u0437\u0430\u043f\u0440\u043e\u0441\u044b \u2013 <a href=\"mailto:mk@awg.lv\">mk@awg.lv<\/a><br \/>\n<\/strong><\/span><\/p>\n<p>[\/vc_column_text][\/vc_column][vc_column width=&#8221;1\/2&#8243; css=&#8221;.vc_custom_1542880665988{padding-top: 40px !important;padding-bottom: 10px !important;}&#8221;][vc_column_text]<\/p>\n<div style=\"max-width: 450px; margin: 0 auto;\">\n<h3>\u0421\u0432\u044f\u0437\u0430\u0442\u044c\u0441\u044f \u0441 \u043d\u0430\u043c\u0438<\/h3>\n<div role=\"form\" class=\"wpcf7\" id=\"wpcf7-f1467-o1\" lang=\"ru-RU\" dir=\"ltr\">\n<div class=\"screen-reader-response\"><p role=\"status\" aria-live=\"polite\" aria-atomic=\"true\"><\/p> <ul><\/ul><\/div>\n<form action=\"\/ru\/wp-json\/wp\/v2\/pages\/1372#wpcf7-f1467-o1\" method=\"post\" class=\"wpcf7-form init\" novalidate=\"novalidate\" data-status=\"init\">\n<div style=\"display: none;\">\n<input type=\"hidden\" name=\"_wpcf7\" value=\"1467\" \/>\n<input type=\"hidden\" name=\"_wpcf7_version\" value=\"5.6.4\" \/>\n<input type=\"hidden\" name=\"_wpcf7_locale\" value=\"ru_RU\" \/>\n<input type=\"hidden\" name=\"_wpcf7_unit_tag\" value=\"wpcf7-f1467-o1\" \/>\n<input type=\"hidden\" name=\"_wpcf7_container_post\" value=\"0\" \/>\n<input type=\"hidden\" name=\"_wpcf7_posted_data_hash\" value=\"\" \/>\n<input type=\"hidden\" name=\"_wpcf7_recaptcha_response\" value=\"\" \/>\n<\/div>\n<div class=\"contact-form-t2 row\"><div class=\"col-xs-12\"><span class=\"wpcf7-form-control-wrap\" data-name=\"f-name\"><input type=\"text\" name=\"f-name\" value=\"\" size=\"40\" class=\"wpcf7-form-control wpcf7-text wpcf7-validates-as-required style1\" aria-required=\"true\" aria-invalid=\"false\" \/><\/span><label>\u0412\u0430\u0448\u0435 \u0438\u043c\u044f <span>*<\/span><\/label><\/div><div class=\"col-xs-12\"><span class=\"wpcf7-form-control-wrap\" data-name=\"f-mail\"><input type=\"text\" name=\"f-mail\" value=\"\" size=\"40\" class=\"wpcf7-form-control wpcf7-text wpcf7-validates-as-required style1\" aria-required=\"true\" aria-invalid=\"false\" \/><\/span><label>\u0412\u0430\u0448 e-mail <span>*<\/span><\/label><\/div><div class=\"col-xs-12\"><span class=\"wpcf7-form-control-wrap\" data-name=\"f-text\"><textarea name=\"f-text\" cols=\"40\" rows=\"6\" class=\"wpcf7-form-control wpcf7-textarea style1\" aria-invalid=\"false\"><\/textarea><\/span><label>\u0421\u043e\u043e\u0431\u0449\u0435\u043d\u0438\u0435 <span>*<\/span><\/label><\/div><div class=\"col-xs-12\"><input type=\"submit\" value=\"\u041e\u0442\u043f\u0440\u0430\u0432\u0438\u0442\u044c\" class=\"wpcf7-form-control has-spinner wpcf7-submit button-style1\" \/><\/div><\/div><div class=\"wpcf7-response-output\" aria-hidden=\"true\"><\/div><\/form><\/div>\n<\/div>\n<p>[\/vc_column_text][\/vc_column][\/vc_row][vc_row full_width=&#8221;stretch_row_content_no_spaces&#8221;][vc_column]<div class=\"map\" id=\"map-69de68e7e70d0\" style=\"width: 100%; height: 355px;\"><\/div>[\/vc_column][\/vc_row]<\/p>\n","protected":false},"excerpt":{"rendered":"<p>[vc_row full_width=&#8221;stretch_row_content_no_spaces&#8221;][vc_column][\/vc_column][\/vc_row][vc_row equal_height=&#8221;yes&#8221; content_placement=&#8221;middle&#8221;][vc_column width=&#8221;1\/2&#8243; css=&#8221;.vc_custom_1616441409543{margin-top: -30px !important;margin-right: 15px !important;margin-bottom: -30px !important;margin-left: 15px !important;padding-right: 60px !important;padding-left: 60px !important;background-color: #ea3428 !important;}&#8221; custom_text_color=&#8221;#ffffff&#8221;][vc_column_text] \u0421\u0432\u044f\u0437\u0430\u0442\u044c\u0441\u044f \u0441 \u043d\u0430\u043c\u0438 [\/vc_column_text][vc_column_text css=&#8221;.vc_custom_1637669500109{margin-bottom: 60px !important;}&#8221;] \u0420\u0435\u043a\u0432\u0438\u0437\u0438\u0442\u044b: SIA &#8220;AWG&#8221; \u041d\u043e\u043c\u0435\u0440 \u0440\u0435\u0433\u0438\u0441\u0442\u0440\u0430\u0446\u0438\u0438: 40203024198 \u0411\u0430\u043d\u043a: AS &#8220;Swedbank&#8221; \u041d\u043e\u043c\u0435\u0440 \u0441\u0447\u0435\u0442\u0430: LV24HABA0551048104213 SWIFT: HABALV22 \u0410\u0434\u0440\u0435\u0441: Ernesta Birznieka-Up\u012b\u0161a iela 21, Latgales priek\u0161pils\u0113ta, R\u012bga, LV-1011 [\/vc_column_text][vc_column_text] \u0418\u041b\u0418 \u041d\u0410\u041f\u0418\u0428\u0418\u0422\u0415 \u041d\u0410\u041c: [&hellip;]<\/p>\n","protected":false},"author":1,"featured_media":0,"parent":0,"menu_order":0,"comment_status":"closed","ping_status":"closed","template":"template-landing.php","meta":{"footnotes":""},"acf":[],"_links":{"self":[{"href":"https:\/\/awg.lv\/ru\/wp-json\/wp\/v2\/pages\/1372"}],"collection":[{"href":"https:\/\/awg.lv\/ru\/wp-json\/wp\/v2\/pages"}],"about":[{"href":"https:\/\/awg.lv\/ru\/wp-json\/wp\/v2\/types\/page"}],"author":[{"embeddable":true,"href":"https:\/\/awg.lv\/ru\/wp-json\/wp\/v2\/users\/1"}],"replies":[{"embeddable":true,"href":"https:\/\/awg.lv\/ru\/wp-json\/wp\/v2\/comments?post=1372"}],"version-history":[{"count":29,"href":"https:\/\/awg.lv\/ru\/wp-json\/wp\/v2\/pages\/1372\/revisions"}],"predecessor-version":[{"id":1767,"href":"https:\/\/awg.lv\/ru\/wp-json\/wp\/v2\/pages\/1372\/revisions\/1767"}],"wp:attachment":[{"href":"https:\/\/awg.lv\/ru\/wp-json\/wp\/v2\/media?parent=1372"}],"curies":[{"name":"wp","href":"https:\/\/api.w.org\/{rel}","templated":true}]}}